{"id":477,"date":"2026-02-11T05:34:04","date_gmt":"2026-02-11T05:34:04","guid":{"rendered":"https:\/\/news-room.net\/?page_id=477"},"modified":"2026-02-11T05:40:06","modified_gmt":"2026-02-11T05:40:06","slug":"legal-notice","status":"publish","type":"page","link":"https:\/\/news-room.net\/ja\/legal-notice\/","title":{"rendered":"\u7279\u5b9a\u5546\u53d6\u5f15\u6cd5\u306b\u57fa\u3065\u304f\u8868\u8a18"},"content":{"rendered":"<h3 data-renderer-start-pos=\"296\">\u8ca9\u58f2\u696d\u8005<\/h3>\n<p data-renderer-start-pos=\"302\">CELL.KOMUNIKACIJA Sp. z o.o<\/p>\n<h3 data-renderer-start-pos=\"332\">\u4ee3\u8868\u8005<\/h3>\n<p data-renderer-start-pos=\"337\">Anna Dorboshka<\/p>\n<h3 data-renderer-start-pos=\"353\">\u6240\u5728\u5730<\/h3>\n<p data-renderer-start-pos=\"358\">Rynek G\u0142\u00f3wny 28<br \/>\n31-010 Krak\u00f3w<br \/>\nPoland<\/p>\n<h3 data-renderer-start-pos=\"397\">\u96fb\u8a71\u756a\u53f7<\/h3>\n<p data-renderer-start-pos=\"403\">+48 (12) 2518002<\/p>\n<h3 data-renderer-start-pos=\"422\">\u30e1\u30fc\u30eb\u30a2\u30c9\u30ec\u30b9<\/h3>\n<p data-renderer-start-pos=\"431\"><a class=\"_mizu194a _1ah31bk5 _ra3xnqa1 _128m1bk5 _1cvmnqa1 _4davt94y _4bfu18uv _1hms8stv _ajmmnqa1 _vchhusvi _kqswh2mm _syaz14q2 _ect41gqc _1a3b18uv _4fpr8stv _5goinqa1 _f8pj14q2 _9oik18uv _1bnxglyw _jf4cnqa1 _30l314q2 _1nrm18uv _c2waglyw _1iohnqa1 _9h8h16c2 _1053w7te _1ienw7te _n0fxw7te _1vhvg3x0\" title=\"mailto:info@wwiqtest.com\" href=\"mailto:info@wwiqtest.com\" data-renderer-mark=\"true\" data-is-router-link=\"false\" data-testid=\"link-with-safety\">info@wwiqtest.com<\/a><\/p>\n<h3 data-renderer-start-pos=\"451\">\u304a\u554f\u3044\u5408\u308f\u305b<\/h3>\n<p data-renderer-start-pos=\"459\">\u3054\u4e0d\u660e\u306a\u70b9\u304c\u3054\u3056\u3044\u307e\u3057\u305f\u3089\u3001\u5f53\u793e\u30b5\u30dd\u30fc\u30c8\u30bb\u30f3\u30bf\u30fc\u3092\u3054\u5229\u7528\u304f\u3060\u3055\u3044\u3002<\/p>\n<p data-renderer-start-pos=\"459\"><span data-inline-card=\"true\" data-card-url=\"https:\/\/help.wwiqtest.com\/hc\/ja-jp\"><span class=\"loader-wrapper\"><a class=\"_1yt4x7n9 _2rkoiti9 _v56415x0 _1e0c1nu9 _16d9qvcn _syaz1y58 _1rkwglyw _4cvxmr28 _19ith6cr _bfhkhp5a _1a3b18uv _4fprglyw _5goinqa1 _9oik18uv _1bnxglyw _jf4cnqa1 _1nrm18uv _c2waglyw _1iohnqa1 _uizt1kdv _nt751r31 _49pcglyw _1hvw1o36 _1372tlke _7ehicw00 _1j5pglyw _1di629zg\" tabindex=\"0\" role=\"button\" href=\"https:\/\/help.wwiqtest.com\/hc\/ja-jp\" target=\"_blank\" rel=\"noopener\" data-testid=\"inline-card-resolved-view\"><span class=\"_19itglyw _vchhusvi _r06hglyw _o5721jtm _1nmz9jpi _16d9qvcn _ca0qv77o _u5f31b66 _n3tdv77o _19bv1b66\" data-testid=\"inline-card-icon-and-title\"><span class=\"_19itglyw _vchhusvi _r06hglyw\">WW IQ\u30c6\u30b9\u30c8 \u30d8\u30eb\u30d7\u30bb\u30f3\u30bf\u30fc<\/span><\/span><\/a><\/span><\/span><\/p>\n","protected":false},"excerpt":{"rendered":"<p>\u8ca9\u58f2\u696d\u8005 CELL.KOMUNIKACIJA Sp. z o.o \u4ee3\u8868\u8005 Anna Dorboshka \u6240\u5728\u5730 Rynek G\u0142\u00f3wny 28 31-010 Krak\u00f3w Poland \u96fb\u8a71\u756a\u53f7 +48 (12) 251 [&hellip;]<\/p>\n","protected":false},"author":1,"featured_media":0,"parent":0,"menu_order":0,"comment_status":"closed","ping_status":"closed","template":"","meta":{"_acf_changed":false,"footnotes":""},"class_list":["post-477","page","type-page","status-publish","hentry"],"acf":[],"_links":{"self":[{"href":"https:\/\/news-room.net\/ja\/wp-json\/wp\/v2\/pages\/477","targetHints":{"allow":["GET"]}}],"collection":[{"href":"https:\/\/news-room.net\/ja\/wp-json\/wp\/v2\/pages"}],"about":[{"href":"https:\/\/news-room.net\/ja\/wp-json\/wp\/v2\/types\/page"}],"author":[{"embeddable":true,"href":"https:\/\/news-room.net\/ja\/wp-json\/wp\/v2\/users\/1"}],"replies":[{"embeddable":true,"href":"https:\/\/news-room.net\/ja\/wp-json\/wp\/v2\/comments?post=477"}],"version-history":[{"count":3,"href":"https:\/\/news-room.net\/ja\/wp-json\/wp\/v2\/pages\/477\/revisions"}],"predecessor-version":[{"id":480,"href":"https:\/\/news-room.net\/ja\/wp-json\/wp\/v2\/pages\/477\/revisions\/480"}],"wp:attachment":[{"href":"https:\/\/news-room.net\/ja\/wp-json\/wp\/v2\/media?parent=477"}],"curies":[{"name":"wp","href":"https:\/\/api.w.org\/{rel}","templated":true}]}}